{"id":108,"date":"2018-03-30T10:50:07","date_gmt":"2018-03-30T10:50:07","guid":{"rendered":"http:\/\/bridge207.qodeinteractive.com\/?page_id=108"},"modified":"2019-11-20T11:18:03","modified_gmt":"2019-11-20T11:18:03","slug":"quienes-somos","status":"publish","type":"page","link":"https:\/\/centropsicologicolinde.com\/index.php\/quienes-somos\/","title":{"rendered":"Qui\u00e9nes somos"},"content":{"rendered":"<p>[vc_row css_animation=\u00bb\u00bb row_type=\u00bbrow\u00bb use_row_as_full_screen_section=\u00bbno\u00bb type=\u00bbgrid\u00bb angled_section=\u00bbno\u00bb text_align=\u00bbleft\u00bb background_image_as_pattern=\u00bbwithout_pattern\u00bb z_index=\u00bb\u00bb css=\u00bb.vc_custom_1571311764088{padding-top: 53px !important;padding-bottom: 53px !important;}\u00bb][vc_column offset=\u00bbvc_col-lg-6 vc_col-md-12&#8243;][vc_single_image image=\u00bb279&#8243; img_size=\u00bbfull\u00bb alignment=\u00bbcenter\u00bb qode_css_animation=\u00bb\u00bb][\/vc_column][vc_column offset=\u00bbvc_col-lg-6 vc_col-md-12&#8243;][qode_elements_holder number_of_columns=\u00bbone_column\u00bb][qode_elements_holder_item advanced_animations=\u00bbno\u00bb item_padding=\u00bb0 50px 0 0&#8243;][vc_column_text]Somos un centro de psicolog\u00eda con casi <strong>20 a\u00f1os de experiencia<\/strong> en ni\u00f1os, adolescentes, adultos, y personas mayores. Somos profesionales implicados y comprometidos con nuestro trabajo siempre llevado a cabo con las \u00faltimas tendencias y abordajes en el \u00e1mbito de la psicolog\u00eda.<\/p>\n<p>Somos <strong>especialistas<\/strong> en crear v\u00ednculos de apego. Nuestro objetivo es que la persona que tenemos delante se sienta acompa\u00f1ada en su proceso terap\u00e9utico, <strong>segura<\/strong> y <strong>cuidada<\/strong>.<\/p>\n<p>Nuestro compromiso es mejorar la calidad del paciente al m\u00e1ximo, para ello, contamos con abordajes innovadores avalados por la OMS, que nos permiten realizar un trabajo m\u00e1s eficaz y eficiente, llegando a la ra\u00edz del malestar, y permitiendo que el paciente se sienta m\u00e1s comprendido, seguro y acompa\u00f1ado.[\/vc_column_text][\/qode_elements_holder_item][\/qode_elements_holder][vc_empty_space height=\u00bb50px\u00bb][\/vc_column][\/vc_row][vc_row css_animation=\u00bb\u00bb row_type=\u00bbrow\u00bb use_row_as_full_screen_section=\u00bbno\u00bb type=\u00bbgrid\u00bb angled_section=\u00bbno\u00bb text_align=\u00bbleft\u00bb background_image_as_pattern=\u00bbwithout_pattern\u00bb z_index=\u00bb\u00bb css=\u00bb.vc_custom_1571327195334{padding-bottom: 53px !important;}\u00bb][vc_column offset=\u00bbvc_col-lg-6 vc_col-md-12&#8243;][qode_elements_holder number_of_columns=\u00bbone_column\u00bb][qode_elements_holder_item advanced_animations=\u00bbno\u00bb item_padding=\u00bb0 50px 0 0&#8243;][vc_empty_space][vc_column_text]Nuestro lema es tener la curiosidad para entender al paciente y la compasi\u00f3n para acompa\u00f1arlo en cada proceso terap\u00e9utico de forma individualizada, con el mayor cuidado posible , y con rigurosidad cient\u00edfica.<\/p>\n<p>En centro Psicol\u00f3gico Linde,apostamos por la innovaci\u00f3n en psicolog\u00eda, y por ello, realizamos formaci\u00f3n a padres, familias, y profesionales del \u00e1mbito de la salud y de la docencia. As\u00ed como talleres espec\u00edficos monogr\u00e1ficos de diferentes tem\u00e1ticas de inter\u00e9s sociosanitario.[\/vc_column_text][\/qode_elements_holder_item][\/qode_elements_holder][\/vc_column][vc_column offset=\u00bbvc_col-lg-6 vc_col-md-12&#8243;][vc_single_image image=\u00bb282&#8243; img_size=\u00bbfull\u00bb alignment=\u00bbcenter\u00bb qode_css_animation=\u00bb\u00bb][vc_empty_space height=\u00bb50px\u00bb][\/vc_column][\/vc_row]<\/p>\n","protected":false},"excerpt":{"rendered":"<p>[vc_row css_animation=\u00bb\u00bb row_type=\u00bbrow\u00bb use_row_as_full_screen_section=\u00bbno\u00bb type=\u00bbgrid\u00bb angled_section=\u00bbno\u00bb text_align=\u00bbleft\u00bb background_image_as_pattern=\u00bbwithout_pattern\u00bb z_index=\u00bb\u00bb css=\u00bb.vc_custom_1571311764088{padding-top: 53px !important;padding-bottom: 53px !important;}\u00bb][vc_column offset=\u00bbvc_col-lg-6 vc_col-md-12&#8243;][vc_single_image image=\u00bb279&#8243; img_size=\u00bbfull\u00bb alignment=\u00bbcenter\u00bb qode_css_animation=\u00bb\u00bb][\/vc_column][vc_column offset=\u00bbvc_col-lg-6 vc_col-md-12&#8243;][qode_elements_holder number_of_columns=\u00bbone_column\u00bb][qode_elements_holder_item advanced_animations=\u00bbno\u00bb item_padding=\u00bb0 50px 0 0&#8243;][vc_column_text]Somos un centro de psicolog\u00eda con casi 20 a\u00f1os de experiencia en ni\u00f1os, adolescentes, adultos, y personas mayores&#8230;.<\/p>\n","protected":false},"author":1,"featured_media":0,"parent":0,"menu_order":0,"comment_status":"closed","ping_status":"closed","template":"full_width.php","meta":{"footnotes":""},"class_list":["post-108","page","type-page","status-publish","hentry"],"aioseo_notices":[],"_links":{"self":[{"href":"https:\/\/centropsicologicolinde.com\/index.php\/wp-json\/wp\/v2\/pages\/108","targetHints":{"allow":["GET"]}}],"collection":[{"href":"https:\/\/centropsicologicolinde.com\/index.php\/wp-json\/wp\/v2\/pages"}],"about":[{"href":"https:\/\/centropsicologicolinde.com\/index.php\/wp-json\/wp\/v2\/types\/page"}],"author":[{"embeddable":true,"href":"https:\/\/centropsicologicolinde.com\/index.php\/wp-json\/wp\/v2\/users\/1"}],"replies":[{"embeddable":true,"href":"https:\/\/centropsicologicolinde.com\/index.php\/wp-json\/wp\/v2\/comments?post=108"}],"version-history":[{"count":10,"href":"https:\/\/centropsicologicolinde.com\/index.php\/wp-json\/wp\/v2\/pages\/108\/revisions"}],"predecessor-version":[{"id":380,"href":"https:\/\/centropsicologicolinde.com\/index.php\/wp-json\/wp\/v2\/pages\/108\/revisions\/380"}],"wp:attachment":[{"href":"https:\/\/centropsicologicolinde.com\/index.php\/wp-json\/wp\/v2\/media?parent=108"}],"curies":[{"name":"wp","href":"https:\/\/api.w.org\/{rel}","templated":true}]}}