{"id":114,"date":"2018-03-30T11:04:11","date_gmt":"2018-03-30T11:04:11","guid":{"rendered":"http:\/\/bridge207.qodeinteractive.com\/?page_id=114"},"modified":"2024-09-27T09:18:28","modified_gmt":"2024-09-27T09:18:28","slug":"contacto","status":"publish","type":"page","link":"https:\/\/centropsicologicolinde.com\/index.php\/contacto\/","title":{"rendered":"Contacto"},"content":{"rendered":"<p>[vc_row css_animation=\u00bb\u00bb row_type=\u00bbrow\u00bb use_row_as_full_screen_section=\u00bbno\u00bb type=\u00bbgrid\u00bb angled_section=\u00bbno\u00bb text_align=\u00bbleft\u00bb background_image_as_pattern=\u00bbwithout_pattern\u00bb z_index=\u00bb\u00bb css=\u00bb.vc_custom_1587718247249{padding-top: 2em !important;padding-bottom: 2em !important;background-color: #3887b0 !important;}\u00bb][vc_column][vc_column_text]<\/p>\n<h2><span style=\"color: #ffffff;\">Formulario de contacto:<\/span><\/h2>\n<p>[\/vc_column_text][vc_empty_space height=\u00bb3em\u00bb]<div class=\"wpforms-container wpforms-container-full\" id=\"wpforms-393\"><form id=\"wpforms-form-393\" class=\"wpforms-validate wpforms-form\" data-formid=\"393\" method=\"post\" enctype=\"multipart\/form-data\" action=\"\/index.php\/wp-json\/wp\/v2\/pages\/114\"><div class=\"wpforms-field-container\"><div id=\"wpforms-393-field_4-container\" class=\"wpforms-field wpforms-field-html\" data-field-id=\"4\"><div id=\"wpforms-393-field_4\"><h3 style=\"color:white;margin-bottom:1em;\">1. DATOS<\/h3><\/div><\/div><div id=\"wpforms-393-field_0-container\" class=\"wpforms-field wpforms-field-name\" data-field-id=\"0\"><label class=\"wpforms-field-label\" for=\"wpforms-393-field_0\">Nombre <span class=\"wpforms-required-label\">*<\/span><\/label><div class=\"wpforms-field-row wpforms-field-medium\"><div class=\"wpforms-field-row-block wpforms-first wpforms-one-half\"><input type=\"text\" id=\"wpforms-393-field_0\" class=\"wpforms-field-name-first wpforms-field-required\" name=\"wpforms[fields][0][first]\" required><label for=\"wpforms-393-field_0\" class=\"wpforms-field-sublabel after \">First<\/label><\/div><div class=\"wpforms-field-row-block wpforms-one-half\"><input type=\"text\" id=\"wpforms-393-field_0-last\" class=\"wpforms-field-name-last wpforms-field-required\" name=\"wpforms[fields][0][last]\" required><label for=\"wpforms-393-field_0-last\" class=\"wpforms-field-sublabel after \">Last<\/label><\/div><\/div><\/div><div id=\"wpforms-393-field_1-container\" class=\"wpforms-field wpforms-field-email wpforms-one-half wpforms-first\" data-field-id=\"1\"><label class=\"wpforms-field-label\" for=\"wpforms-393-field_1\">Email <span class=\"wpforms-required-label\">*<\/span><\/label><input type=\"email\" id=\"wpforms-393-field_1\" class=\"wpforms-field-medium wpforms-field-required\" name=\"wpforms[fields][1]\" required><\/div><div id=\"wpforms-393-field_5-container\" class=\"wpforms-field wpforms-field-phone wpforms-one-half\" data-field-id=\"5\"><label class=\"wpforms-field-label\" for=\"wpforms-393-field_5\">Tel\u00e9fono <span class=\"wpforms-required-label\">*<\/span><\/label><input type=\"tel\" id=\"wpforms-393-field_5\" class=\"wpforms-field-medium wpforms-field-required wpforms-smart-phone-field\" data-rule-smart-phone-field=\"true\" name=\"wpforms[fields][5]\" required><\/div><div id=\"wpforms-393-field_6-container\" class=\"wpforms-field wpforms-field-html\" data-field-id=\"6\"><div id=\"wpforms-393-field_6\"><h3 style=\"color:white;margin-top:2em;margin-bottom:1em;\">2. HORARIO<\/h3><\/div><\/div><div id=\"wpforms-393-field_8-container\" class=\"wpforms-field wpforms-field-radio elegir\" data-field-id=\"8\"><label class=\"wpforms-field-label\" for=\"wpforms-393-field_8\">Elige el horario que mejor te convenga: <span class=\"wpforms-required-label\">*<\/span><\/label><ul id=\"wpforms-393-field_8\" class=\"wpforms-field-required\"><li class=\"choice-1 depth-1\"><input type=\"radio\" id=\"wpforms-393-field_8_1\" name=\"wpforms[fields][8]\" value=\"MA\u00d1ANA\" required ><label class=\"wpforms-field-label-inline\" for=\"wpforms-393-field_8_1\">MA\u00d1ANA<\/label><\/li><li class=\"choice-2 depth-1\"><input type=\"radio\" id=\"wpforms-393-field_8_2\" name=\"wpforms[fields][8]\" value=\"TARDE\" required ><label class=\"wpforms-field-label-inline\" for=\"wpforms-393-field_8_2\">TARDE<\/label><\/li><li class=\"choice-3 depth-1\"><input type=\"radio\" id=\"wpforms-393-field_8_3\" name=\"wpforms[fields][8]\" value=\"INDIFERENTE\" required ><label class=\"wpforms-field-label-inline\" for=\"wpforms-393-field_8_3\">INDIFERENTE<\/label><\/li><\/ul><\/div><div id=\"wpforms-393-field_9-container\" class=\"wpforms-field wpforms-field-html\" data-field-id=\"9\"><div id=\"wpforms-393-field_9\"><h3 style=\"color:white; margin-top:2em;margin-bottom:1em;\">3. MODALIDAD<\/h3><\/div><\/div><div id=\"wpforms-393-field_10-container\" class=\"wpforms-field wpforms-field-radio elegir\" data-field-id=\"10\"><label class=\"wpforms-field-label\" for=\"wpforms-393-field_10\">Elige la modalidad que prefieras: <span class=\"wpforms-required-label\">*<\/span><\/label><ul id=\"wpforms-393-field_10\" class=\"wpforms-field-required\"><li class=\"choice-1 depth-1\"><input type=\"radio\" id=\"wpforms-393-field_10_1\" name=\"wpforms[fields][10]\" value=\"ONLINE\" required ><label class=\"wpforms-field-label-inline\" for=\"wpforms-393-field_10_1\">ONLINE<\/label><\/li><li class=\"choice-2 depth-1\"><input type=\"radio\" id=\"wpforms-393-field_10_2\" name=\"wpforms[fields][10]\" value=\"PRESENCIAL\" required ><label class=\"wpforms-field-label-inline\" for=\"wpforms-393-field_10_2\">PRESENCIAL<\/label><\/li><li class=\"choice-3 depth-1\"><input type=\"radio\" id=\"wpforms-393-field_10_3\" name=\"wpforms[fields][10]\" value=\"INDIFERENTE\" required ><label class=\"wpforms-field-label-inline\" for=\"wpforms-393-field_10_3\">INDIFERENTE<\/label><\/li><\/ul><\/div><div id=\"wpforms-393-field_11-container\" class=\"wpforms-field wpforms-field-html\" data-field-id=\"11\"><div id=\"wpforms-393-field_11\"><div style=\"margin-bottom:2em;\"><\/div><\/div><\/div><div id=\"wpforms-393-field_3-container\" class=\"wpforms-field wpforms-field-checkbox\" data-field-id=\"3\"><label class=\"wpforms-field-label\" for=\"wpforms-393-field_3\">INFORMACI\u00d3N PROTECCI\u00d3N DE DATOS DE CENTRO PSICOL\u00d3GICO LINDE DE ELCHE <span class=\"wpforms-required-label\">*<\/span><\/label><ul id=\"wpforms-393-field_3\" class=\"wpforms-field-required\"><li class=\"choice-1 depth-1\"><input type=\"checkbox\" id=\"wpforms-393-field_3_1\" name=\"wpforms[fields][3][]\" value=\"&lt;span style=&quot;color:white;&quot;&gt;He le\u00eddo y acepto la &lt;a href=&quot;http:\/\/centropsicologicolinde.com\/index.php\/politica-de-privacidad\/&quot;&gt;pol\u00edtica de privacidad&lt;\/a&gt;&lt;\/span&gt;\" required ><label class=\"wpforms-field-label-inline\" for=\"wpforms-393-field_3_1\"><span style=\"color:white\">He le\u00eddo y acepto la <a href=\"http:\/\/centropsicologicolinde.com\/index.php\/politica-de-privacidad\/\">pol\u00edtica de privacidad<\/a><\/span><\/label><\/li><\/ul><div class=\"wpforms-field-description\"><span style=\"color:white;\">Finalidades: Responder a sus solicitudes y remitirle informaci\u00f3n comercial de nuestros productos, servicios y ofertas, incluso por medios electr\u00f3nicos. \r\nDerechos:  Puede retirar su consentimiento en cualquier momento, as\u00ed como acceder, rectificar, suprimir sus datos y dem\u00e1s derechos en centropsicologicolinde@gmail.com\r\nInformaci\u00f3n Adicional: Puede ampliar la informaci\u00f3n en el enlace de Pol\u00edtica de Privacidad.<\/span>\r\n<\/div><\/div><\/div><div class=\"wpforms-field wpforms-field-hp\"><label for=\"wpforms-393-field-hp\" class=\"wpforms-field-label\">Phone<\/label><input type=\"text\" name=\"wpforms[hp]\" id=\"wpforms-393-field-hp\" class=\"wpforms-field-medium\"><\/div><div class=\"wpforms-recaptcha-container\" ><div class=\"g-recaptcha\" data-sitekey=\"6LfQme0UAAAAAICpEvoFBCvxkf1ebGp2RHOdpFDs\"><\/div><input type=\"text\" name=\"g-recaptcha-hidden\" class=\"wpforms-recaptcha-hidden\" style=\"position:absolute!important;clip:rect(0,0,0,0)!important;height:1px!important;width:1px!important;border:0!important;overflow:hidden!important;padding:0!important;margin:0!important;\" required><\/div><div class=\"wpforms-submit-container\" ><input type=\"hidden\" name=\"wpforms[id]\" value=\"393\"><input type=\"hidden\" name=\"wpforms[author]\" value=\"1\"><button type=\"submit\" name=\"wpforms[submit]\" class=\"wpforms-submit \" id=\"wpforms-submit-393\" value=\"wpforms-submit\" aria-live=\"assertive\" data-alt-text=\"Enviando...\" data-submit-text=\"Enviar\">Enviar<\/button><\/div><\/form><\/div>  <!-- .wpforms-container -->[\/vc_column][\/vc_row][vc_row css_animation=\u00bb\u00bb row_type=\u00bbrow\u00bb use_row_as_full_screen_section=\u00bbno\u00bb type=\u00bbfull_width\u00bb angled_section=\u00bbno\u00bb text_align=\u00bbleft\u00bb background_image_as_pattern=\u00bbwithout_pattern\u00bb z_index=\u00bb\u00bb][vc_column][vc_row_inner row_type=\u00bbrow\u00bb type=\u00bbgrid\u00bb text_align=\u00bbleft\u00bb css_animation=\u00bb\u00bb css=\u00bb.vc_custom_1587718452391{padding-top: 86px !important;padding-bottom: 46px !important;}\u00bb][vc_column_inner offset=\u00bbvc_col-lg-6 vc_col-md-6&#8243;][qode_elements_holder number_of_columns=\u00bbone_column\u00bb][qode_elements_holder_item advanced_animations=\u00bbno\u00bb item_padding=\u00bb0 0 0 87px\u00bb item_padding_768_1024=\u00bb0 0px 0 0&#8243; item_padding_480=\u00bb0 0 0 0px\u00bb][vc_column_text]<\/p>\n<h2>Informaci\u00f3n de contacto:<\/h2>\n<p>[\/vc_column_text][vc_empty_space height=\u00bb3em\u00bb][vc_column_text]<\/p>\n<h3><span class=\"LrzXr\">Calle Doctor Sapena, num 4, piso 2<\/span><\/h3>\n<h3><span class=\"LrzXr\">03204 Elche (Alicante)<\/span><\/h3>\n<h3><strong>Tel\u00e9fono:<\/strong> <a href=\"tel:+34699044040\">699044040<\/a><\/h3>\n<h3><strong>Email:<\/strong> <a title=\"atencion@centropsicologicolinde.com\" href=\"mailto:atencion@centropsicologicolinde.com\" target=\"_blank\" rel=\"noopener\">centropsicologicolinde@gmail.<wbr \/>com<\/a><\/h3>\n<p>[\/vc_column_text][vc_column_text css=\u00bb.vc_custom_1698398360596{margin-top: 1em !important;margin-bottom: 1em !important;}\u00bb]<a class=\"contacto\" href=\"https:\/\/www.instagram.com\/cplinde\/\" target=\"_blank\" rel=\"noopener noreferrer\"><img loading=\"lazy\" decoding=\"async\" class=\"alignleft wp-image-454 size-full\" src=\"http:\/\/centropsicologicolinde.com\/wp-content\/uploads\/2020\/04\/instagram-1.png\" alt=\"\" width=\"64\" height=\"64\" \/><\/a><a class=\"contacto\" href=\"https:\/\/www.facebook.com\/centropsicologico.linde\" target=\"_blank\" rel=\"noopener noreferrer\"><img loading=\"lazy\" decoding=\"async\" class=\"size-full wp-image-480 alignleft\" src=\"http:\/\/centropsicologicolinde.com\/wp-content\/uploads\/2020\/05\/facebook2.png\" alt=\"\" width=\"62\" height=\"62\" \/><\/a>[\/vc_column_text][\/qode_elements_holder_item][\/qode_elements_holder][\/vc_column_inner][vc_column_inner css=\u00bb.vc_custom_1522409645881{margin-top: 0px !important;padding-top: 0px !important;}\u00bb offset=\u00bbvc_col-lg-6 vc_col-md-6&#8243;][qode_elements_holder number_of_columns=\u00bbone_column\u00bb][qode_elements_holder_item advanced_animations=\u00bbno\u00bb item_padding=\u00bb0 111px 0 0&#8243; item_padding_1280_1440=\u00bb0 87px 0 0&#8243; item_padding_1024_1280=\u00bb0 71px 0 0&#8243; item_padding_768_1024=\u00bb0 0px 0 0&#8243; item_padding_600_768=\u00bb39px 0px 0 0&#8243; item_padding_480=\u00bb29px 0px 0 0&#8243;][vc_column_text]<div class=\"BorlabsCookie\"><div class=\"_brlbs-content-blocker\"> <div class=\"_brlbs-embed _brlbs-google-maps\"> <img class=\"_brlbs-thumbnail\" src=\"https:\/\/centropsicologicolinde.com\/wp-content\/plugins\/borlabs-cookie\/images\/cb-maps.png\" alt=\"Google Maps\"> <div class=\"_brlbs-caption\"> <p>Al cargar el mapa, acepta la pol\u00edtica de privacidad de Google.<br><a href=\"https:\/\/policies.google.com\/privacy?hl=en&amp;gl=en\" target=\"_blank\" rel=\"nofollow noopener noreferrer\">M\u00e1s informaci\u00f3n<\/a><\/p> <p><a class=\"_brlbs-btn\" href=\"#\" data-borlabs-cookie-unblock role=\"button\">Cargar el mapa<\/a><\/p> <p><label><input type=\"checkbox\" name=\"unblockAll\" value=\"1\" checked> <small>Desbloquear Google Maps siempre<\/small><\/label><\/p> <\/div> <\/div> <\/div><div class=\"borlabs-hide\" data-borlabs-cookie-type=\"content-blocker\" data-borlabs-cookie-id=\"googlemaps\"><script type=\"text\/template\">PGlmcmFtZSBsb2FkaW5nPSJsYXp5IiBzdHlsZT0iYm9yZGVyOiAwOyIgc3JjPSJodHRwczovL3d3dy5nb29nbGUuY29tL21hcHMvZW1iZWQ\/cGI9ITFtMTghMW0xMiExbTMhMWQzMTMyLjc1NzEwMTM1MDg5NyEyZC0wLjcwNTY4Njc4NTA2MDQwNTUhM2QzOC4yNjE5MzkxNzk2NzM1NzUhMm0zITFmMCEyZjAhM2YwITNtMiExaTEwMjQhMmk3NjghNGYxMy4xITNtMyExbTIhMXMweGQ2M2I2ZjAyOTY2YWJjYiUzQTB4Y2VkMzMxMjZmOTFlMGQ0MCEyc0NhcnJlciUyMERyLiUyMFNhcGVuYSUyQyUyMDIlMkMlMjBwaXNvJTIwMiUyQyUyMDAzMjA0JTIwRWx4JTJDJTIwQWxhY2FudCE1ZTAhM20yITFzZXMhMnNlcyE0djE1NzQ4NDYzMzkxNjchNW0yITFzZXMhMnNlcyIgd2lkdGg9IjEwMCUiIGhlaWdodD0iMjUwIiBmcmFtZWJvcmRlcj0iMCIgYWxsb3dmdWxsc2NyZWVuPSJhbGxvd2Z1bGxzY3JlZW4iPjwvaWZyYW1lPg==<\/script><\/div><\/div>[\/vc_column_text][\/qode_elements_holder_item][\/qode_elements_holder][\/vc_column_inner][\/vc_row_inner][\/vc_column][\/vc_row]<\/p>\n","protected":false},"excerpt":{"rendered":"<p>[vc_row css_animation=\u00bb\u00bb row_type=\u00bbrow\u00bb use_row_as_full_screen_section=\u00bbno\u00bb type=\u00bbgrid\u00bb angled_section=\u00bbno\u00bb text_align=\u00bbleft\u00bb background_image_as_pattern=\u00bbwithout_pattern\u00bb z_index=\u00bb\u00bb css=\u00bb.vc_custom_1587718247249{padding-top: 2em !important;padding-bottom: 2em !important;background-color: #3887b0 !important;}\u00bb][vc_column][vc_column_text] Formulario de contacto: [\/vc_column_text][vc_empty_space height=\u00bb3em\u00bb][\/vc_column][\/vc_row][vc_row css_animation=\u00bb\u00bb row_type=\u00bbrow\u00bb use_row_as_full_screen_section=\u00bbno\u00bb type=\u00bbfull_width\u00bb angled_section=\u00bbno\u00bb text_align=\u00bbleft\u00bb background_image_as_pattern=\u00bbwithout_pattern\u00bb z_index=\u00bb\u00bb][vc_column][vc_row_inner row_type=\u00bbrow\u00bb type=\u00bbgrid\u00bb text_align=\u00bbleft\u00bb css_animation=\u00bb\u00bb css=\u00bb.vc_custom_1587718452391{padding-top: 86px !important;padding-bottom: 46px !important;}\u00bb][vc_column_inner offset=\u00bbvc_col-lg-6 vc_col-md-6&#8243;][qode_elements_holder number_of_columns=\u00bbone_column\u00bb][qode_elements_holder_item advanced_animations=\u00bbno\u00bb item_padding=\u00bb0 0 0&#8230;<\/p>\n","protected":false},"author":1,"featured_media":0,"parent":0,"menu_order":0,"comment_status":"closed","ping_status":"closed","template":"full_width.php","meta":{"footnotes":""},"class_list":["post-114","page","type-page","status-publish","hentry"],"aioseo_notices":[],"_links":{"self":[{"href":"https:\/\/centropsicologicolinde.com\/index.php\/wp-json\/wp\/v2\/pages\/114","targetHints":{"allow":["GET"]}}],"collection":[{"href":"https:\/\/centropsicologicolinde.com\/index.php\/wp-json\/wp\/v2\/pages"}],"about":[{"href":"https:\/\/centropsicologicolinde.com\/index.php\/wp-json\/wp\/v2\/types\/page"}],"author":[{"embeddable":true,"href":"https:\/\/centropsicologicolinde.com\/index.php\/wp-json\/wp\/v2\/users\/1"}],"replies":[{"embeddable":true,"href":"https:\/\/centropsicologicolinde.com\/index.php\/wp-json\/wp\/v2\/comments?post=114"}],"version-history":[{"count":27,"href":"https:\/\/centropsicologicolinde.com\/index.php\/wp-json\/wp\/v2\/pages\/114\/revisions"}],"predecessor-version":[{"id":2295,"href":"https:\/\/centropsicologicolinde.com\/index.php\/wp-json\/wp\/v2\/pages\/114\/revisions\/2295"}],"wp:attachment":[{"href":"https:\/\/centropsicologicolinde.com\/index.php\/wp-json\/wp\/v2\/media?parent=114"}],"curies":[{"name":"wp","href":"https:\/\/api.w.org\/{rel}","templated":true}]}}