{"id":320,"date":"2019-10-21T16:11:14","date_gmt":"2019-10-21T16:11:14","guid":{"rendered":"http:\/\/webnroll.es\/linde\/?page_id=320"},"modified":"2020-04-27T16:23:47","modified_gmt":"2020-04-27T16:23:47","slug":"adultos","status":"publish","type":"page","link":"https:\/\/centropsicologicolinde.com\/index.php\/adultos\/","title":{"rendered":"Adultos"},"content":{"rendered":"<p>[vc_row css_animation=\u00bb\u00bb row_type=\u00bbrow\u00bb use_row_as_full_screen_section=\u00bbno\u00bb type=\u00bbfull_width\u00bb angled_section=\u00bbno\u00bb text_align=\u00bbleft\u00bb background_image_as_pattern=\u00bbwithout_pattern\u00bb css=\u00bb.vc_custom_1571742417561{margin-top: 2em !important;}\u00bb z_index=\u00bb\u00bb][vc_column width=\u00bb1\/3&#8243;][vc_single_image image=\u00bb461&#8243; img_size=\u00bb64&#215;53&#8243; alignment=\u00bbcenter\u00bb qode_css_animation=\u00bb\u00bb][vc_empty_space][vc_column_text]<\/p>\n<h3 style=\"text-align: center;\"><strong>Trauma<\/strong>:<\/h3>\n<p>[\/vc_column_text][vc_empty_space][vc_column_text]<\/p>\n<p class=\"Standard\" style=\"text-align: justify; text-justify: inter-ideograph;\">TEPT (Trastorno de estr\u00e9s Postraum\u00e1tico), Duelo, Abandono, Negligencia. Abuso, Agresiones, Violencia, Cat\u00e1strofes, Accidentes y V\u00edctimas del terrorismo y Guerras.<\/p>\n<p>[\/vc_column_text][\/vc_column][vc_column width=\u00bb1\/3&#8243;][vc_single_image image=\u00bb461&#8243; img_size=\u00bb64&#215;53&#8243; alignment=\u00bbcenter\u00bb qode_css_animation=\u00bb\u00bb][vc_empty_space][vc_column_text]<\/p>\n<h3 style=\"text-align: center;\"><strong>Trastornos de Personalidad<\/strong>:<\/h3>\n<p>[\/vc_column_text][vc_empty_space][vc_column_text]<\/p>\n<p class=\"Standard\" style=\"text-align: justify; text-justify: inter-ideograph;\">TPL (Trastorno de Personalidad L\u00edmite), TOC (Trastorno Obsesivo Compulsivo), Trastorno Bipolar<\/p>\n<p>[\/vc_column_text][\/vc_column][vc_column width=\u00bb1\/3&#8243;][vc_single_image image=\u00bb461&#8243; img_size=\u00bb64&#215;53&#8243; alignment=\u00bbcenter\u00bb qode_css_animation=\u00bb\u00bb][vc_empty_space][vc_column_text]<\/p>\n<h3 style=\"text-align: center;\"><strong>TCA (Trastornos de Conducta Alimentaria): <\/strong><\/h3>\n<p>[\/vc_column_text][vc_empty_space][vc_column_text]<\/p>\n<p class=\"Standard\" style=\"text-align: justify; text-justify: inter-ideograph;\">AN, Anorexia Nerviosa, Bulimia Nerviosa; Trastorno por atrac\u00f3n<b><\/b><\/p>\n<p>[\/vc_column_text][\/vc_column][\/vc_row][vc_row css_animation=\u00bb\u00bb row_type=\u00bbrow\u00bb use_row_as_full_screen_section=\u00bbno\u00bb type=\u00bbfull_width\u00bb angled_section=\u00bbno\u00bb text_align=\u00bbleft\u00bb background_image_as_pattern=\u00bbwithout_pattern\u00bb css=\u00bb.vc_custom_1571742425623{margin-top: 2em !important;margin-bottom: 3em !important;}\u00bb z_index=\u00bb\u00bb][vc_column width=\u00bb1\/3&#8243;][vc_single_image image=\u00bb461&#8243; img_size=\u00bb64&#215;53&#8243; alignment=\u00bbcenter\u00bb qode_css_animation=\u00bb\u00bb][vc_empty_space][vc_column_text]<\/p>\n<h3 class=\"Standard\" style=\"text-align: center;\"><b>Disociaci\u00f3n traum\u00e1tica<\/b><\/h3>\n<p>[\/vc_column_text][\/vc_column][vc_column width=\u00bb1\/3&#8243;][vc_single_image image=\u00bb461&#8243; img_size=\u00bb64&#215;53&#8243; alignment=\u00bbcenter\u00bb qode_css_animation=\u00bb\u00bb][vc_empty_space][vc_column_text]<\/p>\n<h3 class=\"Standard\" style=\"text-align: center;\"><b>Adicciones y Patolog\u00eda Dual<\/b><\/h3>\n<p>[\/vc_column_text][\/vc_column][vc_column width=\u00bb1\/3&#8243;][vc_single_image image=\u00bb461&#8243; img_size=\u00bb64&#215;53&#8243; alignment=\u00bbcenter\u00bb qode_css_animation=\u00bb\u00bb][vc_empty_space][vc_column_text]<\/p>\n<h3 class=\"Standard\" style=\"text-align: center;\"><b>Ansiedad, estr\u00e9s y depresi\u00f3n<\/b><\/h3>\n<p>[\/vc_column_text][\/vc_column][\/vc_row]<\/p>\n","protected":false},"excerpt":{"rendered":"<p>[vc_row css_animation=\u00bb\u00bb row_type=\u00bbrow\u00bb use_row_as_full_screen_section=\u00bbno\u00bb type=\u00bbfull_width\u00bb angled_section=\u00bbno\u00bb text_align=\u00bbleft\u00bb background_image_as_pattern=\u00bbwithout_pattern\u00bb css=\u00bb.vc_custom_1571742417561{margin-top: 2em !important;}\u00bb z_index=\u00bb\u00bb][vc_column width=\u00bb1\/3&#8243;][vc_single_image image=\u00bb461&#8243; img_size=\u00bb64&#215;53&#8243; alignment=\u00bbcenter\u00bb qode_css_animation=\u00bb\u00bb][vc_empty_space][vc_column_text] Trauma: [\/vc_column_text][vc_empty_space][vc_column_text] TEPT (Trastorno de estr\u00e9s Postraum\u00e1tico), Duelo, Abandono, Negligencia. Abuso, Agresiones, Violencia, Cat\u00e1strofes, Accidentes y V\u00edctimas del terrorismo y Guerras. [\/vc_column_text][\/vc_column][vc_column width=\u00bb1\/3&#8243;][vc_single_image image=\u00bb461&#8243; img_size=\u00bb64&#215;53&#8243; alignment=\u00bbcenter\u00bb qode_css_animation=\u00bb\u00bb][vc_empty_space][vc_column_text] Trastornos&#8230;<\/p>\n","protected":false},"author":1,"featured_media":0,"parent":0,"menu_order":0,"comment_status":"closed","ping_status":"closed","template":"","meta":{"footnotes":""},"class_list":["post-320","page","type-page","status-publish","hentry"],"aioseo_notices":[],"_links":{"self":[{"href":"https:\/\/centropsicologicolinde.com\/index.php\/wp-json\/wp\/v2\/pages\/320","targetHints":{"allow":["GET"]}}],"collection":[{"href":"https:\/\/centropsicologicolinde.com\/index.php\/wp-json\/wp\/v2\/pages"}],"about":[{"href":"https:\/\/centropsicologicolinde.com\/index.php\/wp-json\/wp\/v2\/types\/page"}],"author":[{"embeddable":true,"href":"https:\/\/centropsicologicolinde.com\/index.php\/wp-json\/wp\/v2\/users\/1"}],"replies":[{"embeddable":true,"href":"https:\/\/centropsicologicolinde.com\/index.php\/wp-json\/wp\/v2\/comments?post=320"}],"version-history":[{"count":8,"href":"https:\/\/centropsicologicolinde.com\/index.php\/wp-json\/wp\/v2\/pages\/320\/revisions"}],"predecessor-version":[{"id":462,"href":"https:\/\/centropsicologicolinde.com\/index.php\/wp-json\/wp\/v2\/pages\/320\/revisions\/462"}],"wp:attachment":[{"href":"https:\/\/centropsicologicolinde.com\/index.php\/wp-json\/wp\/v2\/media?parent=320"}],"curies":[{"name":"wp","href":"https:\/\/api.w.org\/{rel}","templated":true}]}}