{"id":343,"date":"2019-10-22T11:16:07","date_gmt":"2019-10-22T11:16:07","guid":{"rendered":"http:\/\/webnroll.es\/linde\/?page_id=343"},"modified":"2019-11-27T09:22:27","modified_gmt":"2019-11-27T09:22:27","slug":"personas-mayores","status":"publish","type":"page","link":"https:\/\/centropsicologicolinde.com\/index.php\/personas-mayores\/","title":{"rendered":"Personas mayores"},"content":{"rendered":"<p>[vc_row css_animation=\u00bb\u00bb row_type=\u00bbrow\u00bb use_row_as_full_screen_section=\u00bbno\u00bb type=\u00bbfull_width\u00bb angled_section=\u00bbno\u00bb text_align=\u00bbleft\u00bb background_image_as_pattern=\u00bbwithout_pattern\u00bb css=\u00bb.vc_custom_1571742955344{margin-top: 3em !important;margin-bottom: 3em !important;}\u00bb z_index=\u00bb\u00bb][vc_column width=\u00bb1\/2&#8243;][vc_empty_space][vc_column_text]<\/p>\n<h3 class=\"Standard\" style=\"text-align: justify; text-justify: inter-ideograph;\">Trauma simple y complejo, duelos, enfermedades cr\u00f3nicas, estado de \u00e1nimo deprimido, adherencia a los tratamientos m\u00e9dicos, autocuidado y calidad de vida<\/h3>\n<p>[\/vc_column_text][\/vc_column][vc_column width=\u00bb1\/2&#8243;][vc_single_image image=\u00bb269&#8243; img_size=\u00bbmedium\u00bb alignment=\u00bbcenter\u00bb qode_css_animation=\u00bb\u00bb][\/vc_column][\/vc_row]<\/p>\n","protected":false},"excerpt":{"rendered":"<p>[vc_row css_animation=\u00bb\u00bb row_type=\u00bbrow\u00bb use_row_as_full_screen_section=\u00bbno\u00bb type=\u00bbfull_width\u00bb angled_section=\u00bbno\u00bb text_align=\u00bbleft\u00bb background_image_as_pattern=\u00bbwithout_pattern\u00bb css=\u00bb.vc_custom_1571742955344{margin-top: 3em !important;margin-bottom: 3em !important;}\u00bb z_index=\u00bb\u00bb][vc_column width=\u00bb1\/2&#8243;][vc_empty_space][vc_column_text] Trauma simple y complejo, duelos, enfermedades cr\u00f3nicas, estado de \u00e1nimo deprimido, adherencia a los tratamientos m\u00e9dicos, autocuidado y calidad de vida [\/vc_column_text][\/vc_column][vc_column width=\u00bb1\/2&#8243;][vc_single_image image=\u00bb269&#8243; img_size=\u00bbmedium\u00bb alignment=\u00bbcenter\u00bb qode_css_animation=\u00bb\u00bb][\/vc_column][\/vc_row]<\/p>\n","protected":false},"author":1,"featured_media":0,"parent":0,"menu_order":0,"comment_status":"closed","ping_status":"closed","template":"","meta":{"footnotes":""},"class_list":["post-343","page","type-page","status-publish","hentry"],"aioseo_notices":[],"_links":{"self":[{"href":"https:\/\/centropsicologicolinde.com\/index.php\/wp-json\/wp\/v2\/pages\/343","targetHints":{"allow":["GET"]}}],"collection":[{"href":"https:\/\/centropsicologicolinde.com\/index.php\/wp-json\/wp\/v2\/pages"}],"about":[{"href":"https:\/\/centropsicologicolinde.com\/index.php\/wp-json\/wp\/v2\/types\/page"}],"author":[{"embeddable":true,"href":"https:\/\/centropsicologicolinde.com\/index.php\/wp-json\/wp\/v2\/users\/1"}],"replies":[{"embeddable":true,"href":"https:\/\/centropsicologicolinde.com\/index.php\/wp-json\/wp\/v2\/comments?post=343"}],"version-history":[{"count":2,"href":"https:\/\/centropsicologicolinde.com\/index.php\/wp-json\/wp\/v2\/pages\/343\/revisions"}],"predecessor-version":[{"id":405,"href":"https:\/\/centropsicologicolinde.com\/index.php\/wp-json\/wp\/v2\/pages\/343\/revisions\/405"}],"wp:attachment":[{"href":"https:\/\/centropsicologicolinde.com\/index.php\/wp-json\/wp\/v2\/media?parent=343"}],"curies":[{"name":"wp","href":"https:\/\/api.w.org\/{rel}","templated":true}]}}