{"id":348,"date":"2019-10-22T11:22:41","date_gmt":"2019-10-22T11:22:41","guid":{"rendered":"http:\/\/webnroll.es\/linde\/?page_id=348"},"modified":"2019-11-27T09:25:16","modified_gmt":"2019-11-27T09:25:16","slug":"abordajes-terapeuticos","status":"publish","type":"page","link":"https:\/\/centropsicologicolinde.com\/index.php\/abordajes-terapeuticos\/","title":{"rendered":"Abordajes terap\u00e9uticos"},"content":{"rendered":"<p>[vc_row css_animation=\u00bb\u00bb row_type=\u00bbrow\u00bb use_row_as_full_screen_section=\u00bbno\u00bb type=\u00bbfull_width\u00bb angled_section=\u00bbno\u00bb text_align=\u00bbleft\u00bb background_image_as_pattern=\u00bbwithout_pattern\u00bb css=\u00bb.vc_custom_1571743430420{margin-top: 3em !important;border-bottom-width: 3em !important;}\u00bb z_index=\u00bb\u00bb][vc_column width=\u00bb1\/2&#8243;][vc_single_image image=\u00bb355&#8243; img_size=\u00bbfull\u00bb alignment=\u00bbcenter\u00bb qode_css_animation=\u00bb\u00bb][vc_empty_space][vc_column_text]<\/p>\n<h3 class=\"Standard\" style=\"text-align: center;\">EMDR<\/h3>\n<p>[\/vc_column_text][vc_empty_space][vc_column_text]<\/p>\n<p class=\"Standard\" style=\"text-align: justify; text-justify: inter-ideograph;\">EMDR (Desensibilizaci\u00f3n y Reprocesamiento de la Informaci\u00f3n a trav\u00e9s del movimiento ocular) es un abordaje avalado por la OMS como de evidencia cient\u00edfica para tratar el Trastorno de Estr\u00e9s Postraum\u00e1tico (TEPT). Es un abordaje que nos permite acompa\u00f1ar al paciente desde el origen del problema hasta la resoluci\u00f3n en su momento presente, ya que nos permite trabajar en una perspectiva pasado, presente,y futuro. Las personas se sienten m\u00e1s comprendidas y menos invadidas que en otros abordajes. Es un abordaje muy eficaz en el trauma simple y complejo, y resulta muy eficiente en diferentes patolog\u00edas siendo utilizado en la pr\u00e1ctica totalidad de pacientes. Est\u00e1 en constante estudio y revisi\u00f3n con resultados muy \u00f3ptimos.<\/p>\n<p>[\/vc_column_text][\/vc_column][vc_column width=\u00bb1\/2&#8243;][vc_single_image image=\u00bb361&#8243; img_size=\u00bbfull\u00bb alignment=\u00bbcenter\u00bb qode_css_animation=\u00bb\u00bb][vc_empty_space][vc_column_text]<\/p>\n<h3 class=\"Standard\" style=\"text-align: center;\">MINDFULLNESS<\/h3>\n<p>[\/vc_column_text][vc_empty_space][vc_column_text]Tambi\u00e9n llamado atenci\u00f3n plena o conciencia plena, consiste en estar atento de manera consciente a lo que hacemos o sentimos sin juzgarnos, permiti\u00e9ndonos sentir y\/o conectar con nosotros mismo desde la calma .<\/p>\n<p class=\"Standard\" style=\"text-align: justify; text-justify: inter-ideograph;\">La meditaci\u00f3n es una pr\u00e1ctica milenaria oriental que permite mediante su pr\u00e1ctica llegar a un estado de calma y bienestar. El Mindfullness es una forma pautada de llevar a cabo esta pr\u00e1ctica que proporciona conciencia, serenidad, paz y bienestar<\/p>\n<p>[\/vc_column_text][\/vc_column][\/vc_row][vc_row css_animation=\u00bb\u00bb row_type=\u00bbrow\u00bb use_row_as_full_screen_section=\u00bbno\u00bb type=\u00bbfull_width\u00bb angled_section=\u00bbno\u00bb text_align=\u00bbleft\u00bb background_image_as_pattern=\u00bbwithout_pattern\u00bb css=\u00bb.vc_custom_1571744514424{margin-top: 4em !important;margin-bottom: 3em !important;}\u00bb z_index=\u00bb\u00bb][vc_column width=\u00bb1\/3&#8243;][vc_single_image image=\u00bb365&#8243; img_size=\u00bbfull\u00bb alignment=\u00bbcenter\u00bb qode_css_animation=\u00bb\u00bb][vc_empty_space][vc_column_text]<\/p>\n<h3 style=\"text-align: center;\">TERAPIA\u00a0 COGNITIVO CONDUCTUAL<\/h3>\n<p>[\/vc_column_text][vc_empty_space][vc_column_text]<\/p>\n<p class=\"Standard\" style=\"text-align: justify; text-justify: inter-ideograph;\">Es el abordaje acad\u00e9mico sobre el que hay muchos estudios realizados y resulta muy \u00fatil y eficaz en diferentes patolog\u00edas. Nos ayuda a educar al paciente en su patolog\u00eda, trastorno y problema, as\u00ed como que aumenta su nivel de conciencia, y mejora la adherencia al tratamiento<b>.<\/b><\/p>\n<p>[\/vc_column_text][\/vc_column][vc_column width=\u00bb1\/3&#8243;][vc_single_image image=\u00bb381&#8243; img_size=\u00bbfull\u00bb alignment=\u00bbcenter\u00bb qode_css_animation=\u00bb\u00bb][vc_empty_space][vc_column_text]<\/p>\n<h3 class=\"Standard\" style=\"text-align: center;\">TERAPIA FAMILIAR<\/h3>\n<p>[\/vc_column_text][vc_empty_space][vc_column_text]<\/p>\n<p class=\"Standard\" style=\"text-align: justify; text-justify: inter-ideograph;\">Permite el abordaje en el contexto familiar. Desde el centro entendemos que cuando se trabaja con ni\u00f1os y adolescentes, la implicaci\u00f3n y el abordaje del sistema familiar es necesario e imprescindible para la recuperaci\u00f3n del mismo.<\/p>\n<p>[\/vc_column_text][\/vc_column][vc_column width=\u00bb1\/3&#8243;][vc_single_image image=\u00bb382&#8243; img_size=\u00bbfull\u00bb alignment=\u00bbcenter\u00bb qode_css_animation=\u00bb\u00bb][vc_empty_space][vc_column_text]<\/p>\n<h3 class=\"Standard\" style=\"text-align: center;\">COUNSELLING O ASESORAMIENTO<\/h3>\n<p>[\/vc_column_text][vc_empty_space][vc_column_text]Es el arte de acompa\u00f1ar al otro y ayudarle mediante preguntas a la conciencia de su situaci\u00f3n personal. En Espa\u00f1a se utiliza en\u00a0 contexto hospitalario, en pacientes paliativos, y es muy eficaz\u00a0 para explorar el grado de conocimiento acerca de una enfermedad, las dudas, los miedos.. Desde el centro lo utilizamos en procesos de enfermedad, tanto aguda como cr\u00f3nica, y sobretodo, con personas mayores.[\/vc_column_text][\/vc_column][\/vc_row]<\/p>\n","protected":false},"excerpt":{"rendered":"<p>[vc_row css_animation=\u00bb\u00bb row_type=\u00bbrow\u00bb use_row_as_full_screen_section=\u00bbno\u00bb type=\u00bbfull_width\u00bb angled_section=\u00bbno\u00bb text_align=\u00bbleft\u00bb background_image_as_pattern=\u00bbwithout_pattern\u00bb css=\u00bb.vc_custom_1571743430420{margin-top: 3em !important;border-bottom-width: 3em !important;}\u00bb z_index=\u00bb\u00bb][vc_column width=\u00bb1\/2&#8243;][vc_single_image image=\u00bb355&#8243; img_size=\u00bbfull\u00bb alignment=\u00bbcenter\u00bb qode_css_animation=\u00bb\u00bb][vc_empty_space][vc_column_text] EMDR [\/vc_column_text][vc_empty_space][vc_column_text] EMDR (Desensibilizaci\u00f3n y Reprocesamiento de la Informaci\u00f3n a trav\u00e9s del movimiento ocular) es un abordaje avalado por la OMS como de evidencia cient\u00edfica para&#8230;<\/p>\n","protected":false},"author":1,"featured_media":0,"parent":0,"menu_order":0,"comment_status":"closed","ping_status":"closed","template":"","meta":{"footnotes":""},"class_list":["post-348","page","type-page","status-publish","hentry"],"aioseo_notices":[],"_links":{"self":[{"href":"https:\/\/centropsicologicolinde.com\/index.php\/wp-json\/wp\/v2\/pages\/348","targetHints":{"allow":["GET"]}}],"collection":[{"href":"https:\/\/centropsicologicolinde.com\/index.php\/wp-json\/wp\/v2\/pages"}],"about":[{"href":"https:\/\/centropsicologicolinde.com\/index.php\/wp-json\/wp\/v2\/types\/page"}],"author":[{"embeddable":true,"href":"https:\/\/centropsicologicolinde.com\/index.php\/wp-json\/wp\/v2\/users\/1"}],"replies":[{"embeddable":true,"href":"https:\/\/centropsicologicolinde.com\/index.php\/wp-json\/wp\/v2\/comments?post=348"}],"version-history":[{"count":17,"href":"https:\/\/centropsicologicolinde.com\/index.php\/wp-json\/wp\/v2\/pages\/348\/revisions"}],"predecessor-version":[{"id":406,"href":"https:\/\/centropsicologicolinde.com\/index.php\/wp-json\/wp\/v2\/pages\/348\/revisions\/406"}],"wp:attachment":[{"href":"https:\/\/centropsicologicolinde.com\/index.php\/wp-json\/wp\/v2\/media?parent=348"}],"curies":[{"name":"wp","href":"https:\/\/api.w.org\/{rel}","templated":true}]}}